{"id":44,"date":"2024-01-04T18:03:20","date_gmt":"2024-01-04T18:03:20","guid":{"rendered":"https:\/\/wordpress.validthemes.net\/agrica\/?page_id=44"},"modified":"2024-08-07T12:46:33","modified_gmt":"2024-08-07T10:46:33","slug":"accueilcspc","status":"publish","type":"page","link":"https:\/\/cscpcmali.org\/","title":{"rendered":"accueilcspc"},"content":{"rendered":"\t\t<div data-elementor-type=\"wp-page\" data-elementor-id=\"44\" class=\"elementor elementor-44\">\n\t\t\t\t<div class=\"elementor-element elementor-element-24ffb9f e-con-full e-flex e-con e-parent\" data-id=\"24ffb9f\" data-element_type=\"container\">\n\t\t\t\t<div class=\"elementor-element elementor-element-2c3e7af elementor-widget elementor-widget-agricabanner\" data-id=\"2c3e7af\" data-element_type=\"widget\" data-widget_type=\"agricabanner.default\">\n\t\t\t\t<div class=\"elementor-widget-container\">\n\t\t\t<div class=\"banner-area navigation-circle text-light banner-style-one zoom-effect overflow-hidden\"><!-- Slider main container --><div class=\"banner-fade\"><!-- Additional required wrapper --><div class=\"swiper-wrapper\"><!-- Single Item --><div class=\"swiper-slide banner-style-one\"><div class=\"banner-thumb bg-cover shadow dark\" style=\"background: url(https:\/\/cscpcmali.org\/wp-content\/uploads\/2024\/06\/448368502_903533315125611_6992436165408666893_n.jpg);\"><\/div><div class=\"container\"><div class=\"row align-center\"><div class=\"col-xl-9\"><div class=\"content\"><div class=\"badge\"><div class=\"curve-text\"><svg xmlns=\"http:\/\/www.w3.org\/2000\/svg\" viewBox=\"0 0 150 150\" version=\"1.1\"><path id=\"textPath\" d=\"M 0,75 a 75,75 0 1,1 0,1 z\"><\/path><text><textPath href=\"#textPath\">Le coton Malien <\/textPath><\/text><\/svg><a href=\"\" class=\"popup-youtube\"><i class=\"fas fa-arrow-right\"><\/i><\/a><\/div><\/div><div class=\"info\"><h2 class=\"vt-title\"><strong> Conf\u00e9d\u00e9ration des Soci\u00e9t\u00e9s <\/strong> Coop\u00e9ratives des producteurs de Coton<\/h2><\/div><\/div><\/div><\/div><\/div><\/div><!-- End Single Item --><!-- Single Item --><div class=\"swiper-slide banner-style-one\"><div class=\"banner-thumb bg-cover shadow dark\" style=\"background: url(https:\/\/cscpcmali.org\/wp-content\/uploads\/2024\/06\/cscpcmali_1.jpg);\"><\/div><div class=\"container\"><div class=\"row align-center\"><div class=\"col-xl-9\"><div class=\"content\"><div class=\"badge\"><div class=\"curve-text\"><svg xmlns=\"http:\/\/www.w3.org\/2000\/svg\" viewBox=\"0 0 150 150\" version=\"1.1\"><path id=\"textPath\" d=\"M 0,75 a 75,75 0 1,1 0,1 z\"><\/path><text><textPath href=\"#textPath\">100% naturel <\/textPath><\/text><\/svg><a href=\"\" class=\"popup-youtube\"><i class=\"fas fa-arrow-right\"><\/i><\/a><\/div><\/div><div class=\"info\"><h2 class=\"vt-title\"><strong>PRODUCTEURS <\/strong> DE COTON<\/h2><\/div><\/div><\/div><\/div><\/div><\/div><!-- End Single Item --><\/div><!-- Navigation --><div class=\"swiper-button-prev\"><\/div><div class=\"swiper-button-next\"><\/div><\/div>        <\/div>\t\t<\/div>\n\t\t\t\t<\/div>\n\t\t\t\t<\/div>\n\t\t<div class=\"elementor-element elementor-element-f7a43e8 e-con-full e-flex e-con e-parent\" data-id=\"f7a43e8\" data-element_type=\"container\">\n\t\t\t\t<div class=\"elementor-element elementor-element-ba5084b elementor-widget elementor-widget-agricaaboutus\" data-id=\"ba5084b\" data-element_type=\"widget\" data-widget_type=\"agricaaboutus.default\">\n\t\t\t\t<div class=\"elementor-widget-container\">\n\t\t\t<div class=\"about-style-one-area default-padding overflow-hidden\"><div class=\"container\"><div class=\"row align-center\"><div class=\"col-xl-6 col-lg-5\"><div class=\"about-style-one-thumb\"><img decoding=\"async\" src=\"https:\/\/cscpcmali.org\/wp-content\/uploads\/2024\/06\/cscpcmali_Pr.jpg\" alt=\"CSCPC%20MALI\"  \/><div class=\"animation-shape\"><img decoding=\"async\" src=\"https:\/\/wordpress.validthemes.net\/agrica\/wp-content\/uploads\/2024\/01\/1.png\" alt=\"CSCPC%20MALI\"  \/><\/div><\/div><\/div><div class=\"col-xl-5 offset-xl-1 col-lg-6 offset-lg-1\"><div class=\"about-style-one-info\"><h2 class=\"vt-title title\">La Conf\u00e9d\u00e9ration des Soci\u00e9t\u00e9s Coop\u00e9ratives des Producteurs de Coton (C-SCPC)<\/h2><p class=\"vt-desc\">Le Mali est un pays \u00e0 vocation Agro-Sylvo-Pastoral, la population rurale est estim\u00e9e \u00e0 plus de 80%. La principale culture de rente est le coton surnomm\u00e9 l\u2019or blanc. Depuis les ann\u00e9es 1960 la culture cotonni\u00e8re est encadr\u00e9e au Mali. Environ 4 millions de maliens vivent directement ou indirectement du coton soit environ 1\/5 de la population malienne.<\/p><div class=\"fun-fact-style-flex mt-35\"><div class=\"counter\"><div class=\"timer\" data-to=\"20\" data-speed=\"2000\">20<\/div><div class=\"operator\">% <\/div><\/div><span class=\"medium\">du capital des filiales de<br> la CMDT<\/span><\/div><ul class=\"top-feature\"><li><div class=\"icon\"><img decoding=\"async\" src=\"https:\/\/wordpress.validthemes.net\/agrica\/wp-content\/uploads\/2024\/01\/3.png\" alt=\"CSCPC%20MALI\"  \/><\/div><div class=\"info\"><h4 class=\"vt-f-title\">Produit biologique garanti \u00e0 100%<\/h4><\/div><\/li><li><div class=\"icon\"><img decoding=\"async\" src=\"https:\/\/cscpcmali.org\/wp-content\/uploads\/2024\/06\/coton.png\" alt=\"CSCPC%20MALI\"  \/><\/div><div class=\"info\"><h4 class=\"vt-f-title\">En 2003, le Mali \u00e9tait devenu le plus grand producteur de coton ,<\/h4><p class=\"vt-f-text\"> et aujourd&#039;hui, le coton est la principale culture du pays et la deuxi\u00e8me exportation <\/p><\/div><\/li><\/ul><\/div><\/div><\/div><\/div><\/div>\t\t<\/div>\n\t\t\t\t<\/div>\n\t\t\t\t<\/div>\n\t\t<div class=\"elementor-element elementor-element-7463157 e-con-full e-flex e-con e-parent\" data-id=\"7463157\" data-element_type=\"container\">\n\t\t\t\t<div class=\"elementor-element elementor-element-88d26d4 elementor-widget elementor-widget-agricaservices\" data-id=\"88d26d4\" data-element_type=\"widget\" data-widget_type=\"agricaservices.default\">\n\t\t\t\t<div class=\"elementor-widget-container\">\n\t\t\t<div class=\"services-style-one-area\"><div class=\"shape-right-top\" style=\"background-image: url();\"><\/div><div class=\"container\"><div class=\"row\"><div class=\"col-lg-6 offset-lg-3\"><div class=\"site-heading text-center\"><h5 class=\"sub-title\">Ce que nous faisons<\/h5><h2 class=\"title\">Ces chiffres concernent <br> la saison cotonni\u00e8re 2021\/22.<\/h2><\/div><\/div><\/div><div class=\"row\"><!-- Single Item --><div class=\"col-lg-4 col-md-6 service-one-single\"><div class=\"service-style-one-item\"><div class=\"thumb\"><img decoding=\"async\" src=\"https:\/\/wordpress.validthemes.net\/agrica\/wp-content\/uploads\/2024\/01\/2-2.png\" alt=\"CSCPC%20MALI\"  \/><\/div><div class=\"info\"><div class=\"top\"><h4 class=\"vt-f-title\"><a href=\"https:\/\/cscpcmali.org\/index.php\/c-scpc\/\">Agriculteurs <span>autoris\u00e9s <\/span><\/a><\/h4><\/div><p class=\"vt-f-text\">La culture a gagn\u00e9 en popularit\u00e9 parmi les agriculteurs depuis 1995, lorsque le gouvernement malien a commenc\u00e9 \u00e0 la promouvoir activement comme une bonne culture de rente. En 2003, le Mali \u00e9tait devenu le plus grand producteur de coton d&#039;Afrique, et aujourd&#039;hui, le coton est la principale culture du pays et la deuxi\u00e8me exportation, employant environ 40 % de la population rurale.<\/p><\/div><a href=\"https:\/\/cscpcmali.org\/index.php\/c-scpc\/\" class=\"btn-angle\"><i class=\"fas fa-arrow-right\"><\/i><\/a><\/div><\/div><!-- End Single Item --><!-- Single Item --><div class=\"col-lg-4 col-md-6 service-one-single\"><div class=\"service-style-one-item\"><div class=\"thumb\"><img decoding=\"async\" src=\"https:\/\/cscpcmali.org\/wp-content\/uploads\/2024\/01\/29-1.png\" alt=\"CSCPC%20MALI\"  \/><\/div><div class=\"info\"><div class=\"top\"><h4 class=\"vt-f-title\"><a href=\"https:\/\/cscpcmali.org\/index.php\/c-scpc\/\">Tonnes de  meilleur<span>coton<\/span> <\/a><\/h4><\/div><p class=\"vt-f-text\">La culture a gagn\u00e9 en popularit\u00e9 parmi les agriculteurs depuis 1995, lorsque le gouvernement malien a commenc\u00e9 \u00e0 la promouvoir activement comme une bonne culture de rente. En 2003, le Mali \u00e9tait devenu le plus grand producteur de coton d&#039;Afrique, et aujourd&#039;hui, le coton est la principale culture du pays et la deuxi\u00e8me exportation, employant environ 40 % de la population rurale.<\/p><\/div><a href=\"https:\/\/cscpcmali.org\/index.php\/c-scpc\/\" class=\"btn-angle\"><i class=\"fas fa-arrow-right\"><\/i><\/a><\/div><\/div><!-- End Single Item --><!-- Single Item --><div class=\"col-lg-4 col-md-6 service-one-single\"><div class=\"service-style-one-item\"><div class=\"thumb\"><img decoding=\"async\" src=\"https:\/\/cscpcmali.org\/wp-content\/uploads\/2024\/06\/coton.png\" alt=\"CSCPC%20MALI\"  \/><\/div><div class=\"info\"><div class=\"top\"><h4 class=\"vt-f-title\"><a href=\"https:\/\/cscpcmali.org\/index.php\/c-scpc\/\">Hectares <span>r\u00e9colt\u00e9s<\/span>\n<\/a><\/h4><\/div><p class=\"vt-f-text\">La culture a gagn\u00e9 en popularit\u00e9 parmi les agriculteurs depuis 1995, lorsque le gouvernement malien a commenc\u00e9 \u00e0 la promouvoir activement comme une bonne culture de rente. En 2003, le Mali \u00e9tait devenu le plus grand producteur de coton d&#039;Afrique, et aujourd&#039;hui, le coton est la principale culture du pays et la deuxi\u00e8me exportation, employant environ 40 % de la population rurale.<\/p><\/div><a href=\"https:\/\/cscpcmali.org\/index.php\/c-scpc\/\" class=\"btn-angle\"><i class=\"fas fa-arrow-right\"><\/i><\/a><\/div><\/div><!-- End Single Item --><\/div><\/div><\/div>\t\t<\/div>\n\t\t\t\t<\/div>\n\t\t\t\t<\/div>\n\t\t<div class=\"elementor-element elementor-element-1dd0f1e e-con-full e-flex e-con e-parent\" data-id=\"1dd0f1e\" data-element_type=\"container\">\n\t\t\t\t<div class=\"elementor-element elementor-element-5fe8e21 elementor-widget elementor-widget-agricavideoarea\" data-id=\"5fe8e21\" data-element_type=\"widget\" data-widget_type=\"agricavideoarea.default\">\n\t\t\t\t<div class=\"elementor-widget-container\">\n\t\t\t<div class=\"benifits-area default-padding-top video-bg-live bg-cover mt--50 mt-md-0 mt-xs-0\" style=\"background-image: url(https:\/\/cscpcmali.org\/wp-content\/uploads\/2024\/06\/WhatsApp-Image-2024-06-26-a-15.20.47_ed7f12b5.jpg);\">\t\t        <div class=\"player\" data-property=\"{videoURL:'#',containment:'.video-bg-live', showControls:false, autoPlay:true, zoom:0, loop:true, mute:true, startAt:13, opacity:1, quality:'default'}\"><\/div><div class=\"shape-top-center\" style=\"background-image: url(https:\/\/wordpress.validthemes.net\/agrica\/wp-content\/uploads\/2024\/01\/10.png);\"><\/div><div class=\"container\"><div class=\"row\"><div class=\"col-xl-6 col-lg-7\"><div class=\"benifit-items text-light\"><div class=\"shape\"><img decoding=\"async\" src=\"https:\/\/wordpress.validthemes.net\/agrica\/wp-content\/uploads\/2024\/01\/8-1.png\" alt=\"CSCPC%20MALI\"  \/><\/div><h2 class=\"vt-title title\">Fond\u00e9e sur les principes d\u2019union, de solidarit\u00e9 et d\u2019entraide mutuelle.<\/h2><p class=\"vt-desc\">C-SCPC a \u00e9t\u00e9 mise en place le 05 septembre 2014, par suite d\u2019une harmonisation \u00e0 l\u2019Acte Uniforme de l\u2019OHADA relatif aux droits des soci\u00e9t\u00e9s coop\u00e9ratives. Elle est fond\u00e9e sur les principes d\u2019union, de solidarit\u00e9 et d\u2019entraide mutuelle. Elle adh\u00e8re aux principes coop\u00e9ratifs que sont : <\/p><ul class=\"list-standard\">\n \t<li>l\u2019adh\u00e9sion libre ;<\/li>\n \t<li>la gestion d\u00e9mocratique ;<\/li>\n \t<li>l\u2019\u00e9quit\u00e9 dans la r\u00e9partition des r\u00e9sultats \u00e9conomiques ;<\/li>\n<li>l\u2019int\u00e9r\u00eat limit\u00e9 au capital;<\/li>\n<li>l\u2019\u00e9ducation coop\u00e9rative ;<\/li>\n<li>l\u2019inter-coop\u00e9ration.<\/li>\n<\/ul><\/div><\/div><\/div><\/div><\/div>\t\t<\/div>\n\t\t\t\t<\/div>\n\t\t\t\t<\/div>\n\t\t<div class=\"elementor-element elementor-element-5c6706e e-con-full e-flex e-con e-parent\" data-id=\"5c6706e\" data-element_type=\"container\">\n\t\t\t\t<\/div>\n\t\t<div class=\"elementor-element elementor-element-a621d55 e-con-full e-flex e-con e-parent\" data-id=\"a621d55\" data-element_type=\"container\">\n\t\t\t\t<\/div>\n\t\t<div class=\"elementor-element elementor-element-bdb746f e-con-full e-flex e-con e-parent\" data-id=\"bdb746f\" data-element_type=\"container\">\n\t\t\t\t<div class=\"elementor-element elementor-element-8fc0370 elementor-widget elementor-widget-agricachoseus\" data-id=\"8fc0370\" data-element_type=\"widget\" data-widget_type=\"agricachoseus.default\">\n\t\t\t\t<div class=\"elementor-widget-container\">\n\t\t\t<div class=\"choose-us-style-one-area \"><div class=\"container\"><div class=\"row align-center\"><div class=\"col-xl-5 col-lg-5\"><div class=\"choose-us-thumb\"><img decoding=\"async\" src=\"https:\/\/cscpcmali.org\/wp-content\/uploads\/2024\/06\/cscpcmali.jpg\" alt=\"CSCPC%20MALI\"  \/><\/div><\/div><div class=\"col-xl-6 offset-xl-1 col-lg-7\"><div class=\"achivement-items\"><ul class=\"list-details\"><li><h4 class=\"vt-f-title\">Le coton malien<\/h4><p class=\"vt-f-text\">En 2022, le coton malien a \u00e9t\u00e9 reconnu pour sa qualit\u00e9 sup\u00e9rieure et sa puret\u00e9, ce qui en fait un choix pris\u00e9 par les industries textiles du monde entier.<\/p><\/li><li><h4 class=\"vt-f-title\">Producteurs de coton<\/h4><p class=\"vt-f-text\">En 2024, le coton malien a \u00e9t\u00e9 c\u00e9l\u00e9br\u00e9 pour son r\u00f4le crucial dans le soutien des communaut\u00e9s rurales, contribuant significativement \u00e0 l&#039;\u00e9conomie locale et au d\u00e9veloppement social du pays.<\/p><\/li><\/ul><div class=\"achivement-content\"> <div class=\"item\"><div class=\"progressbar\"><div class=\"circle\" data-percent=\"20\"><strong><\/strong><\/div><\/div><h4 class=\"vt-c-title\">Du capital des filiales de la CMDT<\/h4><\/div> <div class=\"item\"><div class=\"progressbar\"><div class=\"circle\" data-percent=\"42 \"><strong><\/strong><\/div><\/div><h4 class=\"vt-c-title\">Unions Secteurs des SCPC<\/h4><\/div><\/div><\/div><\/div><\/div><\/div><\/div>\t\t<\/div>\n\t\t\t\t<\/div>\n\t\t\t\t<\/div>\n\t\t<div class=\"elementor-element elementor-element-94038f4 e-con-full e-flex e-con e-parent\" data-id=\"94038f4\" data-element_type=\"container\" data-settings=\"{&quot;background_background&quot;:&quot;classic&quot;}\">\n\t\t\t\t<div class=\"elementor-element elementor-element-a168c3b elementor-widget elementor-widget-agricacontactinfo\" data-id=\"a168c3b\" data-element_type=\"widget\" data-widget_type=\"agricacontactinfo.default\">\n\t\t\t\t<div class=\"elementor-widget-container\">\n\t\t\t<div class=\"contact-area overflow-hidden default-padding\"><div class=\"sahpe-right-bottom\"><img decoding=\"async\" src=\"https:\/\/cscpcmali.org\/wp-content\/uploads\/2024\/01\/16.png\" alt=\"Image Not Found\"><\/div><div class=\"container\"><div class=\"row align-center\"><div class=\"col-tact-stye-one col-xl-6 col-lg-7\"><div class=\"contact-form-style-one mb-md-50\"><img decoding=\"async\" src=\"https:\/\/wordpress.validthemes.net\/agrica\/wp-content\/uploads\/2024\/01\/10-2.png\" alt=\"Image Not Found\"><h5 class=\"sub-title\">Vous avez des questions ?<\/h5> <h2 class=\"heading\">Envoyer un message<\/h2>\n<div class=\"wpcf7 no-js\" id=\"wpcf7-f3013-o1\" lang=\"en-US\" dir=\"ltr\">\n<div class=\"screen-reader-response\"><p role=\"status\" aria-live=\"polite\" aria-atomic=\"true\"><\/p> <ul><\/ul><\/div>\n<form action=\"\/index.php\/wp-json\/wp\/v2\/pages\/44#wpcf7-f3013-o1\" method=\"post\" class=\"wpcf7-form init\" aria-label=\"Contact form\" novalidate=\"novalidate\" data-status=\"init\">\n<div style=\"display: none;\">\n<input type=\"hidden\" name=\"_wpcf7\" value=\"3013\" \/>\n<input type=\"hidden\" name=\"_wpcf7_version\" value=\"5.9.4\" \/>\n<input type=\"hidden\" name=\"_wpcf7_locale\" value=\"en_US\" \/>\n<input type=\"hidden\" name=\"_wpcf7_unit_tag\" value=\"wpcf7-f3013-o1\" \/>\n<input type=\"hidden\" name=\"_wpcf7_container_post\" value=\"0\" \/>\n<input type=\"hidden\" name=\"_wpcf7_posted_data_hash\" value=\"\" \/>\n<\/div>\n<div  class=\"contact-form contact-form\">\n\t<div class=\"row\">\n\t\t<div class=\"col-lg-12\">\n\t\t\t<div class=\"form-group\">\n\t\t\t\t<p><span class=\"wpcf7-form-control-wrap\" data-name=\"text-903\"><input size=\"40\" class=\"wpcf7-form-control wpcf7-text wpcf7-validates-as-required form-control\" id=\"text-903\" aria-required=\"true\" aria-invalid=\"false\" placeholder=\"Votre nom &amp; pr\u00e9nom\" value=\"\" type=\"text\" name=\"text-903\" \/><\/span>\n\t\t\t\t<\/p>\n\t\t\t<\/div>\n\t\t<\/div>\n\t<\/div>\n\t<div class=\"row\">\n\t\t<div class=\"col-lg-6\">\n\t\t\t<div class=\"form-group\">\n\t\t\t\t<p><span class=\"wpcf7-form-control-wrap\" data-name=\"email-58\"><input size=\"40\" class=\"wpcf7-form-control wpcf7-email wpcf7-validates-as-required wpcf7-text wpcf7-validates-as-email form-control\" id=\"email-58\" aria-required=\"true\" aria-invalid=\"false\" placeholder=\"Votre e-mail*\" value=\"\" type=\"email\" name=\"email-58\" \/><\/span>\n\t\t\t\t<\/p>\n\t\t\t<\/div>\n\t\t<\/div>\n\t\t<div class=\"col-lg-6\">\n\t\t\t<div class=\"form-group\">\n\t\t\t\t<p><span class=\"wpcf7-form-control-wrap\" data-name=\"text-238\"><input size=\"40\" class=\"wpcf7-form-control wpcf7-text form-control\" id=\"text-238\" aria-invalid=\"false\" placeholder=\"Votre T\u00e9lephone\" value=\"\" type=\"text\" name=\"text-238\" \/><\/span>\n\t\t\t\t<\/p>\n\t\t\t<\/div>\n\t\t<\/div>\n\t<\/div>\n\t<div class=\"row\">\n\t\t<div class=\"col-lg-12\">\n\t\t\t<div class=\"form-group comments\">\n\t\t\t\t<p><span class=\"wpcf7-form-control-wrap\" data-name=\"textarea-630\"><textarea cols=\"40\" rows=\"10\" class=\"wpcf7-form-control wpcf7-textarea wpcf7-validates-as-required form-control\" id=\"textarea-630\" aria-required=\"true\" aria-invalid=\"false\" placeholder=\"Votre message *\" name=\"textarea-630\"><\/textarea><\/span>\n\t\t\t\t<\/p>\n\t\t\t<\/div>\n\t\t<\/div>\n\t<\/div>\n\t<div class=\"row\">\n\t\t<div class=\"col-lg-12\">\n\t\t\t<p><button type=\"submit\" name=\"submit\" id=\"submit\" class=\"wpcf7\"><i class=\"fa fa-paper-plane\"><\/i> Envoyer<\/button>\n\t\t\t<\/p>\n\t\t<\/div>\n\t<\/div>\n <!-- Alert Message -->\n\t<div class=\"col-lg-12 alert-notification\">\n\t\t<div id=\"message\" class=\"alert-msg\">\n\t\t<\/div>\n\t<\/div>\n<\/div><div class=\"wpcf7-response-output\" aria-hidden=\"true\"><\/div>\n<\/form>\n<\/div>\n<\/div><\/div><div class=\"col-tact-stye-one col-xl-5 offset-xl-1 col-lg-5\"><div class=\"contact-style-one-info text-light\"><h2>Contact<\/h2><ul><li><div class=\"content\"><h5 class=\"title\">T\u00e9l\u00e9phone :<\/h5><a href=\"tel:+22320220702\">+223 20 22 07 02 <\/a><\/div><\/li><li><div class=\"info\"><h5 class=\"title\">Adresse :<\/h5><p>Avenue de l'Yser <br>\nQuartier du fleuve Bko\/Mali<\/p><\/div><\/li><li><div class=\"info\"><h5 class=\"title\">Email :<\/h5><a href=\"mailto:cscpcmali@cscpcmali.org\">cscpcmali@cscpcmali.org<\/a><\/div><\/li><\/ul><\/div><\/div><\/div><\/div><\/div>\t\t<\/div>\n\t\t\t\t<\/div>\n\t\t\t\t<\/div>\n\t\t<div class=\"elementor-element elementor-element-3340319 e-con-full e-flex e-con e-parent\" data-id=\"3340319\" data-element_type=\"container\">\n\t\t\t\t<\/div>\n\t\t\t\t<\/div>\n\t\t","protected":false},"excerpt":{"rendered":"<p>Le coton Malien Conf\u00e9d\u00e9ration des Soci\u00e9t\u00e9s Coop\u00e9ratives des producteurs de Coton 100% naturel PRODUCTEURS DE COTON La Conf\u00e9d\u00e9ration des Soci\u00e9t\u00e9s Coop\u00e9ratives des Producteurs de Coton (C-SCPC) Le Mali est un pays \u00e0 vocation Agro-Sylvo-Pastoral, la population rurale est estim\u00e9e \u00e0 plus de 80%. La principale culture de rente est le coton surnomm\u00e9 l\u2019or blanc. Depuis&#8230;<\/p>\n","protected":false},"author":1,"featured_media":0,"parent":0,"menu_order":0,"comment_status":"closed","ping_status":"closed","template":"template-builder.php","meta":{"_monsterinsights_skip_tracking":false,"_monsterinsights_sitenote_active":false,"_monsterinsights_sitenote_note":"","_monsterinsights_sitenote_category":0,"footnotes":""},"class_list":["post-44","page","type-page","status-publish","hentry"],"aioseo_notices":[],"_links":{"self":[{"href":"https:\/\/cscpcmali.org\/index.php\/wp-json\/wp\/v2\/pages\/44","targetHints":{"allow":["GET"]}}],"collection":[{"href":"https:\/\/cscpcmali.org\/index.php\/wp-json\/wp\/v2\/pages"}],"about":[{"href":"https:\/\/cscpcmali.org\/index.php\/wp-json\/wp\/v2\/types\/page"}],"author":[{"embeddable":true,"href":"https:\/\/cscpcmali.org\/index.php\/wp-json\/wp\/v2\/users\/1"}],"replies":[{"embeddable":true,"href":"https:\/\/cscpcmali.org\/index.php\/wp-json\/wp\/v2\/comments?post=44"}],"version-history":[{"count":68,"href":"https:\/\/cscpcmali.org\/index.php\/wp-json\/wp\/v2\/pages\/44\/revisions"}],"predecessor-version":[{"id":3250,"href":"https:\/\/cscpcmali.org\/index.php\/wp-json\/wp\/v2\/pages\/44\/revisions\/3250"}],"wp:attachment":[{"href":"https:\/\/cscpcmali.org\/index.php\/wp-json\/wp\/v2\/media?parent=44"}],"curies":[{"name":"wp","href":"https:\/\/api.w.org\/{rel}","templated":true}]}}