{"id":3114,"date":"2024-06-06T01:19:48","date_gmt":"2024-06-05T23:19:48","guid":{"rendered":"https:\/\/cscpcmali.org\/?page_id=3114"},"modified":"2024-06-06T12:50:12","modified_gmt":"2024-06-06T10:50:12","slug":"la-creation-des-societes-cooperatives-2","status":"publish","type":"page","link":"https:\/\/cscpcmali.org\/index.php\/la-creation-des-societes-cooperatives-2\/","title":{"rendered":"La cr\u00e9ation des soci\u00e9t\u00e9s coop\u00e9ratives"},"content":{"rendered":"\t\t<div data-elementor-type=\"wp-page\" data-elementor-id=\"3114\" class=\"elementor elementor-3114\">\n\t\t\t\t<div class=\"elementor-element elementor-element-c96f528 e-flex e-con-boxed e-con e-parent\" data-id=\"c96f528\" data-element_type=\"container\">\n\t\t\t\t\t<div class=\"e-con-inner\">\n\t\t\t\t<div class=\"elementor-element elementor-element-61551e3 elementor-widget elementor-widget-heading\" data-id=\"61551e3\" data-element_type=\"widget\" data-widget_type=\"heading.default\">\n\t\t\t\t<div class=\"elementor-widget-container\">\n\t\t\t<style>\/*! elementor - v3.21.0 - 08-05-2024 *\/\n.elementor-heading-title{padding:0;margin:0;line-height:1}.elementor-widget-heading .elementor-heading-title[class*=elementor-size-]>a{color:inherit;font-size:inherit;line-height:inherit}.elementor-widget-heading .elementor-heading-title.elementor-size-small{font-size:15px}.elementor-widget-heading .elementor-heading-title.elementor-size-medium{font-size:19px}.elementor-widget-heading .elementor-heading-title.elementor-size-large{font-size:29px}.elementor-widget-heading .elementor-heading-title.elementor-size-xl{font-size:39px}.elementor-widget-heading .elementor-heading-title.elementor-size-xxl{font-size:59px}<\/style><h2 class=\"elementor-heading-title elementor-size-default\">La cr\u00e9ation des soci\u00e9t\u00e9s coop\u00e9ratives\ndes producteurs de coton (SCPC)<\/h2>\t\t<\/div>\n\t\t\t\t<\/div>\n\t\t\t\t\t<\/div>\n\t\t\t\t<\/div>\n\t\t<div class=\"elementor-element elementor-element-33f5546 e-flex e-con-boxed e-con e-parent\" data-id=\"33f5546\" data-element_type=\"container\">\n\t\t\t\t\t<div class=\"e-con-inner\">\n\t\t<div class=\"elementor-element elementor-element-f8103a3 e-con-full e-flex e-con e-child\" data-id=\"f8103a3\" data-element_type=\"container\">\n\t\t\t\t<div class=\"elementor-element elementor-element-199b190 elementor-widget elementor-widget-text-editor\" data-id=\"199b190\" data-element_type=\"widget\" data-widget_type=\"text-editor.default\">\n\t\t\t\t<div class=\"elementor-widget-container\">\n\t\t\t<style>\/*! elementor - v3.21.0 - 08-05-2024 *\/\n.elementor-widget-text-editor.elementor-drop-cap-view-stacked .elementor-drop-cap{background-color:#69727d;color:#fff}.elementor-widget-text-editor.elementor-drop-cap-view-framed .elementor-drop-cap{color:#69727d;border:3px solid;background-color:transparent}.elementor-widget-text-editor:not(.elementor-drop-cap-view-default) .elementor-drop-cap{margin-top:8px}.elementor-widget-text-editor:not(.elementor-drop-cap-view-default) .elementor-drop-cap-letter{width:1em;height:1em}.elementor-widget-text-editor .elementor-drop-cap{float:left;text-align:center;line-height:1;font-size:50px}.elementor-widget-text-editor .elementor-drop-cap-letter{display:inline-block}<\/style>\t\t\t\tSuite aux Etats g\u00e9n\u00e9raux du secteur coton, les producteurs engagent en 2005 des r\u00e9flexions strat\u00e9giques sur les enjeux majeurs de la fili\u00e8re coton\nL&#8217;un de ces enjeux restait le choix de la forme d&#8217;organisation \u00e0 adopter. C&#8217;est ainsi que le choix a \u00e9t\u00e9 port\u00e9 sur la forme coop\u00e9rative pour les raisons suivantes :\nLa coop\u00e9rative a un cadre juridique l\u00e9gal\nelle a un caract\u00e8re d&#8217;entreprise \nsa capacit\u00e9 de participer \u00e0 la gestion \u00e9conomique de la fili\u00e8re est \u00e9tablie\n\t\t\t\t\t\t<\/div>\n\t\t\t\t<\/div>\n\t\t\t\t<div class=\"elementor-element elementor-element-c1c5a4c elementor-widget elementor-widget-text-editor\" data-id=\"c1c5a4c\" data-element_type=\"widget\" data-widget_type=\"text-editor.default\">\n\t\t\t\t<div class=\"elementor-widget-container\">\n\t\t\t\t\t\t\t<p><strong>La structuration des SCPC<\/strong><\/p><ul><li>La zone cotonni\u00e8re du Mali est r\u00e9partie entre quatre (4) zones qui correspondent \u00e0 des filiales :<br \/>la zone Ouest ( r\u00e9gion CMDT de Kita),<br \/>la zone Centre (r\u00e9gion CMDT de Fana + zone OHVN),<br \/>la zone Nord &#8211; Est (r\u00e9gion CMDT de Koutiala + r\u00e9gion CMDT de San)<br \/>\uf071 et la zone sud (r\u00e9gion CMDT de Sikasso + r\u00e9gion CMDT de Bougouni).<br \/>De 2005 \u00e0 2007 avec l\u2019appui du PASE I les AV ont \u00e9t\u00e9 transform\u00e9es en Soci\u00e9t\u00e9 Coop\u00e9rative de producteurs de Coton (SCPC) suivant la loi N\u00b001-076 du 18 juillet 2001 r\u00e9gissant les Soci\u00e9t\u00e9s coop\u00e9ratives;<br \/>Dans chaque zone, les SCPC se sont regroup\u00e9es de la commune \u00e0 la r\u00e9gion en mettant en place des unions communales, unions secteur et une Union R\u00e9gionale des soci\u00e9t\u00e9s coop\u00e9ratives de producteurs de coton (UR SCPC).<br \/>Les quatre URSCPC ont mis en place en mars 2007, au niveau national, une Union Nationale des soci\u00e9t\u00e9s coop\u00e9ratives de producteurs de coton (UNSCPC)<br \/>A partir de cette p\u00e9riode le Mali avait :<br \/>1 Union Nationale de Soci\u00e9t\u00e9s coop\u00e9ratives de producteurs de coton<br \/>4 Unions r\u00e9gionales<br \/>41 Unions secteur<br \/>288 Unions communales<br \/>environ 7 177 soci\u00e9t\u00e9s coop\u00e9ratives de base<\/li><\/ul>\t\t\t\t\t\t<\/div>\n\t\t\t\t<\/div>\n\t\t\t\t<\/div>\n\t\t\t\t\t<\/div>\n\t\t\t\t<\/div>\n\t\t\t\t<\/div>\n\t\t","protected":false},"excerpt":{"rendered":"<p>La cr\u00e9ation des soci\u00e9t\u00e9s coop\u00e9ratives des producteurs de coton (SCPC) Suite aux Etats g\u00e9n\u00e9raux du secteur coton, les producteurs engagent en 2005 des r\u00e9flexions strat\u00e9giques sur les enjeux majeurs de la fili\u00e8re coton L&#8217;un de ces enjeux restait le choix de la forme d&#8217;organisation \u00e0 adopter. C&#8217;est ainsi que le choix a \u00e9t\u00e9 port\u00e9 sur&#8230;<\/p>\n","protected":false},"author":1,"featured_media":0,"parent":0,"menu_order":0,"comment_status":"closed","ping_status":"closed","template":"","meta":{"_monsterinsights_skip_tracking":false,"_monsterinsights_sitenote_active":false,"_monsterinsights_sitenote_note":"","_monsterinsights_sitenote_category":0,"footnotes":""},"class_list":["post-3114","page","type-page","status-publish","hentry"],"aioseo_notices":[],"_links":{"self":[{"href":"https:\/\/cscpcmali.org\/index.php\/wp-json\/wp\/v2\/pages\/3114","targetHints":{"allow":["GET"]}}],"collection":[{"href":"https:\/\/cscpcmali.org\/index.php\/wp-json\/wp\/v2\/pages"}],"about":[{"href":"https:\/\/cscpcmali.org\/index.php\/wp-json\/wp\/v2\/types\/page"}],"author":[{"embeddable":true,"href":"https:\/\/cscpcmali.org\/index.php\/wp-json\/wp\/v2\/users\/1"}],"replies":[{"embeddable":true,"href":"https:\/\/cscpcmali.org\/index.php\/wp-json\/wp\/v2\/comments?post=3114"}],"version-history":[{"count":9,"href":"https:\/\/cscpcmali.org\/index.php\/wp-json\/wp\/v2\/pages\/3114\/revisions"}],"predecessor-version":[{"id":3124,"href":"https:\/\/cscpcmali.org\/index.php\/wp-json\/wp\/v2\/pages\/3114\/revisions\/3124"}],"wp:attachment":[{"href":"https:\/\/cscpcmali.org\/index.php\/wp-json\/wp\/v2\/media?parent=3114"}],"curies":[{"name":"wp","href":"https:\/\/api.w.org\/{rel}","templated":true}]}}