{"id":3080,"date":"2024-06-06T00:51:21","date_gmt":"2024-06-05T22:51:21","guid":{"rendered":"https:\/\/cscpcmali.org\/?page_id=3080"},"modified":"2024-06-27T17:31:43","modified_gmt":"2024-06-27T15:31:43","slug":"conseil-dadministration-et-du-conseil-de-surveillance-de-la-c-scpc","status":"publish","type":"page","link":"https:\/\/cscpcmali.org\/index.php\/conseil-dadministration-et-du-conseil-de-surveillance-de-la-c-scpc\/","title":{"rendered":"CONSEIL D\u2019ADMINISTRATION ET DU CONSEIL DE SURVEILLANCE DE LA C-SCPC"},"content":{"rendered":"\t\t<div data-elementor-type=\"wp-page\" data-elementor-id=\"3080\" class=\"elementor elementor-3080\">\n\t\t\t\t<div class=\"elementor-element elementor-element-d1a1f10 e-flex e-con-boxed e-con e-parent\" data-id=\"d1a1f10\" data-element_type=\"container\">\n\t\t\t\t\t<div class=\"e-con-inner\">\n\t\t\t\t<div class=\"elementor-element elementor-element-0b9f417 elementor-widget elementor-widget-heading\" data-id=\"0b9f417\" data-element_type=\"widget\" data-widget_type=\"heading.default\">\n\t\t\t\t<div class=\"elementor-widget-container\">\n\t\t\t<style>\/*! elementor - v3.21.0 - 08-05-2024 *\/\n.elementor-heading-title{padding:0;margin:0;line-height:1}.elementor-widget-heading .elementor-heading-title[class*=elementor-size-]>a{color:inherit;font-size:inherit;line-height:inherit}.elementor-widget-heading .elementor-heading-title.elementor-size-small{font-size:15px}.elementor-widget-heading .elementor-heading-title.elementor-size-medium{font-size:19px}.elementor-widget-heading .elementor-heading-title.elementor-size-large{font-size:29px}.elementor-widget-heading .elementor-heading-title.elementor-size-xl{font-size:39px}.elementor-widget-heading .elementor-heading-title.elementor-size-xxl{font-size:59px}<\/style><h2 class=\"elementor-heading-title elementor-size-default\">LES MEMBRES DU CONSEIL D\u2019ADMINISTRATION<\/h2>\t\t<\/div>\n\t\t\t\t<\/div>\n\t\t\t\t<div class=\"elementor-element elementor-element-65096ff elementor-widget elementor-widget-agricateam\" data-id=\"65096ff\" data-element_type=\"widget\" data-widget_type=\"agricateam.default\">\n\t\t\t\t<div class=\"elementor-widget-container\">\n\t\t\t<div class=\"farmer-area\"><div class=\"container\"><div class=\"row\"><div class=\"col-lg-10 offset-lg-1\"><div class=\"row\"><!-- Single Item --><div class=\"col-lg-4 col-md-6 farmer-stye-one\"><div class=\"farmer-style-one-item\"><div class=\"thumb\"><img decoding=\"async\" src=\"https:\/\/cscpcmali.org\/wp-content\/uploads\/2024\/06\/cscpcmali_Pr.jpg\" alt=\"CSCPC%20MALI\"  \/><div class=\"social\"><i class=\"fas fa-share-alt\"><\/i><ul><li class=\"facebook\"><a href=\"#\"><i class=\"fab fa-facebook-f\"><\/i><\/a><\/li><\/ul><\/div><\/div><div class=\"info\"><span>Pr\u00e9sident<\/span><h4><a href=\"\">Yacouba TRAORE<\/a><\/h4><\/div><\/div><\/div><!-- End Single Item --><!-- Single Item --><div class=\"col-lg-4 col-md-6 farmer-stye-one\"><div class=\"farmer-style-one-item\"><div class=\"thumb\"><img decoding=\"async\" src=\"https:\/\/cscpcmali.org\/wp-content\/plugins\/elementor\/assets\/images\/placeholder.png\" alt=\"CSCPC%20MALI\"  \/><div class=\"social\"><i class=\"fas fa-share-alt\"><\/i><ul><li class=\"facebook\"><a href=\"#\"><i class=\"fab fa-facebook-f\"><\/i><\/a><\/li><\/ul><\/div><\/div><div class=\"info\"><span>Vice-pr\u00e9sident<\/span><h4><a href=\"\">Tiasse COULIBALY\t<\/a><\/h4><\/div><\/div><\/div><!-- End Single Item --><!-- Single Item --><div class=\"col-lg-4 col-md-6 farmer-stye-one\"><div class=\"farmer-style-one-item\"><div class=\"thumb\"><img decoding=\"async\" src=\"https:\/\/cscpcmali.org\/wp-content\/plugins\/elementor\/assets\/images\/placeholder.png\" alt=\"CSCPC%20MALI\"  \/><div class=\"social\"><i class=\"fas fa-share-alt\"><\/i><ul><li class=\"facebook\"><a href=\"#\"><i class=\"fab fa-facebook-f\"><\/i><\/a><\/li><\/ul><\/div><\/div><div class=\"info\"><span>Secr\u00e9taire G\u00e9n\u00e9ral<\/span><h4><a href=\"\">Souleymane SANGARE\t<\/a><\/h4><\/div><\/div><\/div><!-- End Single Item --><!-- Single Item --><div class=\"col-lg-4 col-md-6 farmer-stye-one\"><div class=\"farmer-style-one-item\"><div class=\"thumb\"><img decoding=\"async\" src=\"https:\/\/cscpcmali.org\/wp-content\/plugins\/elementor\/assets\/images\/placeholder.png\" alt=\"CSCPC%20MALI\"  \/><div class=\"social\"><i class=\"fas fa-share-alt\"><\/i><ul><li class=\"facebook\"><a href=\"#\"><i class=\"fab fa-facebook-f\"><\/i><\/a><\/li><\/ul><\/div><\/div><div class=\"info\"><span>Secr\u00e9taire G\u00e9n\u00e9ral Adjoint<\/span><h4><a href=\"\">Siaka CISSE\t<\/a><\/h4><\/div><\/div><\/div><!-- End Single Item --><!-- Single Item --><div class=\"col-lg-4 col-md-6 farmer-stye-one\"><div class=\"farmer-style-one-item\"><div class=\"thumb\"><img decoding=\"async\" src=\"https:\/\/cscpcmali.org\/wp-content\/plugins\/elementor\/assets\/images\/placeholder.png\" alt=\"CSCPC%20MALI\"  \/><div class=\"social\"><i class=\"fas fa-share-alt\"><\/i><ul><li class=\"facebook\"><a href=\"#\"><i class=\"fab fa-facebook-f\"><\/i><\/a><\/li><\/ul><\/div><\/div><div class=\"info\"><span>Tr\u00e9sorier G\u00e9n\u00e9ral<\/span><h4><a href=\"\">Moussa TRAORE\t<\/a><\/h4><\/div><\/div><\/div><!-- End Single Item --><!-- Single Item --><div class=\"col-lg-4 col-md-6 farmer-stye-one\"><div class=\"farmer-style-one-item\"><div class=\"thumb\"><img decoding=\"async\" src=\"https:\/\/cscpcmali.org\/wp-content\/plugins\/elementor\/assets\/images\/placeholder.png\" alt=\"CSCPC%20MALI\"  \/><div class=\"social\"><i class=\"fas fa-share-alt\"><\/i><ul><li class=\"facebook\"><a href=\"#\"><i class=\"fab fa-facebook-f\"><\/i><\/a><\/li><\/ul><\/div><\/div><div class=\"info\"><span>D\u00e9l\u00e9gu\u00e9 \u00e0 l\u2019approvisionnement<\/span><h4><a href=\"\">Yaya SIDIBE\t<\/a><\/h4><\/div><\/div><\/div><!-- End Single Item --><!-- Single Item --><div class=\"col-lg-4 col-md-6 farmer-stye-one\"><div class=\"farmer-style-one-item\"><div class=\"thumb\"><img decoding=\"async\" src=\"https:\/\/cscpcmali.org\/wp-content\/plugins\/elementor\/assets\/images\/placeholder.png\" alt=\"CSCPC%20MALI\"  \/><div class=\"social\"><i class=\"fas fa-share-alt\"><\/i><ul><li class=\"facebook\"><a href=\"#\"><i class=\"fab fa-facebook-f\"><\/i><\/a><\/li><\/ul><\/div><\/div><div class=\"info\"><span>D\u00e9l\u00e9gu\u00e9 \u00e0 l\u2019approvisionnement<\/span><h4><a href=\"\">Mahamadou TRAORE<\/a><\/h4><\/div><\/div><\/div><!-- End Single Item --><!-- Single Item --><div class=\"col-lg-4 col-md-6 farmer-stye-one\"><div class=\"farmer-style-one-item\"><div class=\"thumb\"><img decoding=\"async\" src=\"https:\/\/cscpcmali.org\/wp-content\/plugins\/elementor\/assets\/images\/placeholder.png\" alt=\"CSCPC%20MALI\"  \/><div class=\"social\"><i class=\"fas fa-share-alt\"><\/i><ul><li class=\"facebook\"><a href=\"#\"><i class=\"fab fa-facebook-f\"><\/i><\/a><\/li><\/ul><\/div><\/div><div class=\"info\"><span>D\u00e9l\u00e9gu\u00e9 \u00e0 la Production<\/span><h4><a href=\"\">Abdoulaye COULIBLAY\t<\/a><\/h4><\/div><\/div><\/div><!-- End Single Item --><!-- Single Item --><div class=\"col-lg-4 col-md-6 farmer-stye-one\"><div class=\"farmer-style-one-item\"><div class=\"thumb\"><img decoding=\"async\" src=\"https:\/\/cscpcmali.org\/wp-content\/plugins\/elementor\/assets\/images\/placeholder.png\" alt=\"CSCPC%20MALI\"  \/><div class=\"social\"><i class=\"fas fa-share-alt\"><\/i><ul><li class=\"facebook\"><a href=\"#\"><i class=\"fab fa-facebook-f\"><\/i><\/a><\/li><\/ul><\/div><\/div><div class=\"info\"><span>D\u00e9l\u00e9gu\u00e9 \u00e0 la Commercialisation<\/span><h4><a href=\"\">Salif SAMAKE<\/a><\/h4><\/div><\/div><\/div><!-- End Single Item --><!-- Single Item --><div class=\"col-lg-4 col-md-6 farmer-stye-one\"><div class=\"farmer-style-one-item\"><div class=\"thumb\"><img decoding=\"async\" src=\"https:\/\/cscpcmali.org\/wp-content\/plugins\/elementor\/assets\/images\/placeholder.png\" alt=\"CSCPC%20MALI\"  \/><div class=\"social\"><i class=\"fas fa-share-alt\"><\/i><ul><li class=\"facebook\"><a href=\"#\"><i class=\"fab fa-facebook-f\"><\/i><\/a><\/li><\/ul><\/div><\/div><div class=\"info\"><span>D\u00e9l\u00e9gu\u00e9 \u00e0 la Formation et \u00e0 l\u2019information<\/span><h4><a href=\"\">N\u2019Tio COULIBALY\t<\/a><\/h4><\/div><\/div><\/div><!-- End Single Item --><!-- Single Item --><div class=\"col-lg-4 col-md-6 farmer-stye-one\"><div class=\"farmer-style-one-item\"><div class=\"thumb\"><img decoding=\"async\" src=\"https:\/\/cscpcmali.org\/wp-content\/plugins\/elementor\/assets\/images\/placeholder.png\" alt=\"CSCPC%20MALI\"  \/><div class=\"social\"><i class=\"fas fa-share-alt\"><\/i><ul><li class=\"facebook\"><a href=\"#\"><i class=\"fab fa-facebook-f\"><\/i><\/a><\/li><\/ul><\/div><\/div><div class=\"info\"><span>D\u00e9l\u00e9gu\u00e9 charg\u00e9 des cotons de Niche<\/span><h4><a href=\"\">Faneke KEITA dit N\u2019Fafing\t<\/a><\/h4><\/div><\/div><\/div><!-- End Single Item --><!-- Single Item --><div class=\"col-lg-4 col-md-6 farmer-stye-one\"><div class=\"farmer-style-one-item\"><div class=\"thumb\"><img decoding=\"async\" src=\"https:\/\/cscpcmali.org\/wp-content\/plugins\/elementor\/assets\/images\/placeholder.png\" alt=\"CSCPC%20MALI\"  \/><div class=\"social\"><i class=\"fas fa-share-alt\"><\/i><ul><li class=\"facebook\"><a href=\"#\"><i class=\"fab fa-facebook-f\"><\/i><\/a><\/li><\/ul><\/div><\/div><div class=\"info\"><span>Secr\u00e9taire aux Conflits<\/span><h4><a href=\"\">Seydou SANGARE\t<\/a><\/h4><\/div><\/div><\/div><!-- End Single Item --><\/div><\/div><\/div><\/div><\/div>\t\t<\/div>\n\t\t\t\t<\/div>\n\t\t\t\t\t<\/div>\n\t\t\t\t<\/div>\n\t\t<div class=\"elementor-element elementor-element-131c153 e-flex e-con-boxed e-con e-parent\" data-id=\"131c153\" data-element_type=\"container\">\n\t\t\t\t\t<div class=\"e-con-inner\">\n\t\t\t\t<div class=\"elementor-element elementor-element-813faf8 elementor-widget elementor-widget-heading\" data-id=\"813faf8\" data-element_type=\"widget\" data-widget_type=\"heading.default\">\n\t\t\t\t<div class=\"elementor-widget-container\">\n\t\t\t<h2 class=\"elementor-heading-title elementor-size-default\">LES MEMBRES DU CONSEIL DE SURVEILLANCE DE LA C-SCPC<\/h2>\t\t<\/div>\n\t\t\t\t<\/div>\n\t\t\t\t<div class=\"elementor-element elementor-element-7a4f3fd elementor-widget elementor-widget-agricateam\" data-id=\"7a4f3fd\" data-element_type=\"widget\" data-widget_type=\"agricateam.default\">\n\t\t\t\t<div class=\"elementor-widget-container\">\n\t\t\t<div class=\"farmer-area\"><div class=\"container\"><div class=\"row\"><div class=\"col-lg-10 offset-lg-1\"><div class=\"row\"><!-- Single Item --><div class=\"col-lg-4 col-md-6 farmer-stye-one\"><div class=\"farmer-style-one-item\"><div class=\"thumb\"><img decoding=\"async\" src=\"https:\/\/cscpcmali.org\/wp-content\/plugins\/elementor\/assets\/images\/placeholder.png\" alt=\"CSCPC%20MALI\"  \/><div class=\"social\"><i class=\"fas fa-share-alt\"><\/i><ul><li class=\"facebook\"><a href=\"#\"><i class=\"fab fa-facebook-f\"><\/i><\/a><\/li><\/ul><\/div><\/div><div class=\"info\"><span>Pr\u00e9sident<\/span><h4><a href=\"\">Issa Dramane KONATE\t<\/a><\/h4><\/div><\/div><\/div><!-- End Single Item --><!-- Single Item --><div class=\"col-lg-4 col-md-6 farmer-stye-one\"><div class=\"farmer-style-one-item\"><div class=\"thumb\"><img decoding=\"async\" src=\"https:\/\/cscpcmali.org\/wp-content\/plugins\/elementor\/assets\/images\/placeholder.png\" alt=\"CSCPC%20MALI\"  \/><div class=\"social\"><i class=\"fas fa-share-alt\"><\/i><ul><li class=\"facebook\"><a href=\"#\"><i class=\"fab fa-facebook-f\"><\/i><\/a><\/li><\/ul><\/div><\/div><div class=\"info\"><span>Membre<\/span><h4><a href=\"\">Djibril CISSE\t<\/a><\/h4><\/div><\/div><\/div><!-- End Single Item --><!-- Single Item --><div class=\"col-lg-4 col-md-6 farmer-stye-one\"><div class=\"farmer-style-one-item\"><div class=\"thumb\"><img decoding=\"async\" src=\"https:\/\/cscpcmali.org\/wp-content\/plugins\/elementor\/assets\/images\/placeholder.png\" alt=\"CSCPC%20MALI\"  \/><div class=\"social\"><i class=\"fas fa-share-alt\"><\/i><ul><li class=\"facebook\"><a href=\"#\"><i class=\"fab fa-facebook-f\"><\/i><\/a><\/li><\/ul><\/div><\/div><div class=\"info\"><span>Membre<\/span><h4><a href=\"\">Mamadou KONE \t<\/a><\/h4><\/div><\/div><\/div><!-- End Single Item --><!-- Single Item --><div class=\"col-lg-4 col-md-6 farmer-stye-one\"><div class=\"farmer-style-one-item\"><div class=\"thumb\"><img decoding=\"async\" src=\"https:\/\/cscpcmali.org\/wp-content\/plugins\/elementor\/assets\/images\/placeholder.png\" alt=\"CSCPC%20MALI\"  \/><div class=\"social\"><i class=\"fas fa-share-alt\"><\/i><ul><li class=\"facebook\"><a href=\"#\"><i class=\"fab fa-facebook-f\"><\/i><\/a><\/li><\/ul><\/div><\/div><div class=\"info\"><span>Membre<\/span><h4><a href=\"\">Modibo CAMARA\t<\/a><\/h4><\/div><\/div><\/div><!-- End Single Item --><!-- Single Item --><div class=\"col-lg-4 col-md-6 farmer-stye-one\"><div class=\"farmer-style-one-item\"><div class=\"thumb\"><img decoding=\"async\" src=\"https:\/\/cscpcmali.org\/wp-content\/plugins\/elementor\/assets\/images\/placeholder.png\" alt=\"CSCPC%20MALI\"  \/><div class=\"social\"><i class=\"fas fa-share-alt\"><\/i><ul><li class=\"facebook\"><a href=\"#\"><i class=\"fab fa-facebook-f\"><\/i><\/a><\/li><\/ul><\/div><\/div><div class=\"info\"><span>Membre<\/span><h4><a href=\"\">Oumar MALLE \t<\/a><\/h4><\/div><\/div><\/div><!-- End Single Item --><\/div><\/div><\/div><\/div><\/div>\t\t<\/div>\n\t\t\t\t<\/div>\n\t\t\t\t\t<\/div>\n\t\t\t\t<\/div>\n\t\t<div class=\"elementor-element elementor-element-eafcbc8 e-flex e-con-boxed e-con e-parent\" data-id=\"eafcbc8\" data-element_type=\"container\">\n\t\t\t\t\t<div class=\"e-con-inner\">\n\t\t\t\t<div class=\"elementor-element elementor-element-7674067 elementor-widget elementor-widget-heading\" data-id=\"7674067\" data-element_type=\"widget\" data-widget_type=\"heading.default\">\n\t\t\t\t<div class=\"elementor-widget-container\">\n\t\t\t<h2 class=\"elementor-heading-title elementor-size-default\">CONSEILLER<\/h2>\t\t<\/div>\n\t\t\t\t<\/div>\n\t\t\t\t<div class=\"elementor-element elementor-element-15277d1 elementor-widget elementor-widget-agricateam\" data-id=\"15277d1\" data-element_type=\"widget\" data-widget_type=\"agricateam.default\">\n\t\t\t\t<div class=\"elementor-widget-container\">\n\t\t\t<div class=\"farmer-area\"><div class=\"container\"><div class=\"row\"><div class=\"col-lg-10 offset-lg-1\"><div class=\"row\"><!-- Single Item --><div class=\"col-lg-4 col-md-6 farmer-stye-one\"><div class=\"farmer-style-one-item\"><div class=\"thumb\"><img decoding=\"async\" src=\"https:\/\/cscpcmali.org\/wp-content\/uploads\/2024\/06\/cscpcmali_A_S.jpg\" alt=\"CSCPC%20MALI\"  \/><div class=\"social\"><i class=\"fas fa-share-alt\"><\/i><ul><li class=\"facebook\"><a href=\"#\"><i class=\"fab fa-facebook-f\"><\/i><\/a><\/li><\/ul><\/div><\/div><div class=\"info\"><span>Conseiller du Pr\u00e9sident<\/span><h4><a href=\"\">Aguibou SOUNKARA<\/a><\/h4><\/div><\/div><\/div><!-- End Single Item --><\/div><\/div><\/div><\/div><\/div>\t\t<\/div>\n\t\t\t\t<\/div>\n\t\t\t\t\t<\/div>\n\t\t\t\t<\/div>\n\t\t\t\t<\/div>\n\t\t","protected":false},"excerpt":{"rendered":"<p>LES MEMBRES DU CONSEIL D\u2019ADMINISTRATION Pr\u00e9sident Yacouba TRAORE Vice-pr\u00e9sident Tiasse COULIBALY Secr\u00e9taire G\u00e9n\u00e9ral Souleymane SANGARE Secr\u00e9taire G\u00e9n\u00e9ral Adjoint Siaka CISSE Tr\u00e9sorier G\u00e9n\u00e9ral Moussa TRAORE D\u00e9l\u00e9gu\u00e9 \u00e0 l\u2019approvisionnement Yaya SIDIBE D\u00e9l\u00e9gu\u00e9 \u00e0 l\u2019approvisionnement Mahamadou TRAORE D\u00e9l\u00e9gu\u00e9 \u00e0 la Production Abdoulaye COULIBLAY D\u00e9l\u00e9gu\u00e9 \u00e0 la Commercialisation Salif SAMAKE D\u00e9l\u00e9gu\u00e9 \u00e0 la Formation et \u00e0 l\u2019information N\u2019Tio COULIBALY&#8230;<\/p>\n","protected":false},"author":1,"featured_media":0,"parent":0,"menu_order":0,"comment_status":"closed","ping_status":"closed","template":"","meta":{"_monsterinsights_skip_tracking":false,"_monsterinsights_sitenote_active":false,"_monsterinsights_sitenote_note":"","_monsterinsights_sitenote_category":0,"footnotes":""},"class_list":["post-3080","page","type-page","status-publish","hentry"],"aioseo_notices":[],"_links":{"self":[{"href":"https:\/\/cscpcmali.org\/index.php\/wp-json\/wp\/v2\/pages\/3080","targetHints":{"allow":["GET"]}}],"collection":[{"href":"https:\/\/cscpcmali.org\/index.php\/wp-json\/wp\/v2\/pages"}],"about":[{"href":"https:\/\/cscpcmali.org\/index.php\/wp-json\/wp\/v2\/types\/page"}],"author":[{"embeddable":true,"href":"https:\/\/cscpcmali.org\/index.php\/wp-json\/wp\/v2\/users\/1"}],"replies":[{"embeddable":true,"href":"https:\/\/cscpcmali.org\/index.php\/wp-json\/wp\/v2\/comments?post=3080"}],"version-history":[{"count":43,"href":"https:\/\/cscpcmali.org\/index.php\/wp-json\/wp\/v2\/pages\/3080\/revisions"}],"predecessor-version":[{"id":3237,"href":"https:\/\/cscpcmali.org\/index.php\/wp-json\/wp\/v2\/pages\/3080\/revisions\/3237"}],"wp:attachment":[{"href":"https:\/\/cscpcmali.org\/index.php\/wp-json\/wp\/v2\/media?parent=3080"}],"curies":[{"name":"wp","href":"https:\/\/api.w.org\/{rel}","templated":true}]}}